{"id":1086,"date":"2019-12-11T21:09:43","date_gmt":"2019-12-11T21:09:43","guid":{"rendered":"https:\/\/citycargo.rs\/?page_id=1086"},"modified":"2019-12-24T20:17:52","modified_gmt":"2019-12-24T20:17:52","slug":"o-nama","status":"publish","type":"page","link":"https:\/\/citycargo.rs\/en\/o-nama\/","title":{"rendered":"About us"},"content":{"rendered":"<p>[et_pb_section fb_built=&#8220;1&#8243; fullwidth=&#8220;on&#8220; admin_label=&#8220;Hero&#8220; _builder_version=&#8220;4.0.9&#8243; background_color=&#8220;#2d2d2d&#8220; use_background_color_gradient=&#8220;on&#8220; background_color_gradient_start=&#8220;rgba(25,36,45,0.7)&#8220; background_color_gradient_end=&#8220;#19242d&#8220; background_color_gradient_direction=&#8220;140deg&#8220; background_color_gradient_overlays_image=&#8220;on&#8220; background_image=&#8220;https:\/\/citycargo.rs\/wp-content\/uploads\/2019\/12\/saobracaj-kontakt.jpg&#8220; custom_padding=&#8220;||||true&#8220;][et_pb_fullwidth_header title=&#8220;O NAMA&#8220; text_orientation=&#8220;center&#8220; _builder_version=&#8220;4.0.9&#8243; title_font=&#8220;Oswald|500|||||||&#8220; title_font_size=&#8220;56px&#8220; title_line_height=&#8220;1.4em&#8220; content_font=&#8220;||||||||&#8220; content_font_size=&#8220;18px&#8220; content_line_height=&#8220;2em&#8220; background_color=&#8220;rgba(0,0,0,0)&#8220; custom_button_one=&#8220;on&#8220; button_one_text_size=&#8220;16px&#8220; button_one_text_color=&#8220;#ffffff&#8220; button_one_bg_color=&#8220;#e0aa25&#8243; button_one_border_width=&#8220;8px&#8220; button_one_border_color=&#8220;rgba(0,0,0,0)&#8220; button_one_border_radius=&#8220;0px&#8220; button_one_letter_spacing=&#8220;3px&#8220; button_one_font=&#8220;Montserrat|||on|||||&#8220; button_one_use_icon=&#8220;off&#8220; custom_button_two=&#8220;on&#8220; button_two_text_size=&#8220;16px&#8220; button_two_text_color=&#8220;#ffffff&#8220; button_two_bg_color=&#8220;#e0aa25&#8243; button_two_border_width=&#8220;8px&#8220; button_two_border_color=&#8220;rgba(0,0,0,0)&#8220; button_two_border_radius=&#8220;0px&#8220; button_two_letter_spacing=&#8220;3px&#8220; button_two_font=&#8220;Montserrat|||on|||||&#8220; button_two_use_icon=&#8220;off&#8220; custom_padding=&#8220;||51px||false|&#8220; title_font_size_tablet=&#8220;46px&#8220; title_font_size_phone=&#8220;36px&#8220; title_font_size_last_edited=&#8220;on|phone&#8220; content_font_size_tablet=&#8220;&#8220; content_font_size_phone=&#8220;15px&#8220; content_font_size_last_edited=&#8220;on|phone&#8220; button_one_border_radius_hover=&#8220;0px&#8220; button_two_border_radius_hover=&#8220;0px&#8220; button_one_letter_spacing_hover=&#8220;3px&#8220; button_two_letter_spacing_hover=&#8220;3px&#8220; button_one_bg_color_hover=&#8220;rgba(193,62,51,0.9)&#8220; button_two_bg_color_hover=&#8220;rgba(193,62,51,0.9)&#8220; button_one_text_size__hover_enabled=&#8220;off&#8220; button_two_text_size__hover_enabled=&#8220;off&#8220; button_one_text_color__hover_enabled=&#8220;off&#8220; button_two_text_color__hover_enabled=&#8220;off&#8220; button_one_border_width__hover_enabled=&#8220;off&#8220; button_two_border_width__hover_enabled=&#8220;off&#8220; button_one_border_color__hover_enabled=&#8220;off&#8220; button_two_border_color__hover_enabled=&#8220;off&#8220; button_one_border_radius__hover_enabled=&#8220;on&#8220; button_one_border_radius__hover=&#8220;0px&#8220; button_two_border_radius__hover_enabled=&#8220;on&#8220; button_two_border_radius__hover=&#8220;0px&#8220; button_one_letter_spacing__hover_enabled=&#8220;on&#8220; button_one_letter_spacing__hover=&#8220;3px&#8220; button_two_letter_spacing__hover_enabled=&#8220;on&#8220; button_two_letter_spacing__hover=&#8220;3px&#8220; button_one_bg_color__hover_enabled=&#8220;on&#8220; button_one_bg_color__hover=&#8220;rgba(193,62,51,0.9)&#8220; button_two_bg_color__hover_enabled=&#8220;on&#8220; button_two_bg_color__hover=&#8220;rgba(193,62,51,0.9)&#8220;]<\/p>\n<p>\u00a0A few words about us and our company<\/p>\n<p>&nbsp;<\/p>\n<p>[\/et_pb_fullwidth_header][\/et_pb_section][et_pb_section fb_built=&#8220;1&#8243; admin_label=&#8220;About&#8220; _builder_version=&#8220;3.22&#8243; background_color=&#8220;#f7f7f7&#8243;][et_pb_row column_structure=&#8220;1_2,1_2&#8243; _builder_version=&#8220;4.0.9&#8243; hover_enabled=&#8220;0&#8243;][et_pb_column type=&#8220;1_2&#8243; _builder_version=&#8220;4.0.9&#8243; custom_padding=&#8220;|||&#8220; hover_enabled=&#8220;0&#8243; custom_padding__hover=&#8220;|||&#8220;][et_pb_image src=&#8220;https:\/\/citycargo.rs\/wp-content\/uploads\/2019\/12\/drumski-transport-kamion1.png&#8220; align=&#8220;center&#8220; align_tablet=&#8220;center&#8220; align_phone=&#8220;&#8220; align_last_edited=&#8220;on|desktop&#8220; _builder_version=&#8220;4.0.9&#8243; width=&#8220;60%&#8220; custom_padding=&#8220;0px||3px|||&#8220; animation_style=&#8220;slide&#8220; animation_duration=&#8220;1450ms&#8220;][\/et_pb_image][et_pb_text _builder_version=&#8220;3.27.4&#8243; text_font=&#8220;||||||||&#8220; text_font_size=&#8220;18px&#8220; text_line_height=&#8220;2em&#8220; header_font=&#8220;||||||||&#8220; header_2_font=&#8220;Oswald|500|||||||&#8220; header_2_font_size=&#8220;46px&#8220; header_2_line_height=&#8220;1.4em&#8220; header_4_font=&#8220;Oswald|600||on|||||&#8220; header_4_line_height=&#8220;1.4em&#8220; max_width=&#8220;700px&#8220; module_alignment=&#8220;center&#8220; custom_padding=&#8220;0px|||||&#8220; text_font_size_tablet=&#8220;&#8220; text_font_size_phone=&#8220;15px&#8220; text_font_size_last_edited=&#8220;on|phone&#8220; header_2_font_size_tablet=&#8220;46px&#8220; header_2_font_size_phone=&#8220;36px&#8220; header_2_font_size_last_edited=&#8220;on|phone&#8220; header_4_font_size_tablet=&#8220;46px&#8220; header_4_font_size_phone=&#8220;36px&#8220; header_4_font_size_last_edited=&#8220;off|desktop&#8220;]<\/p>\n<p>&nbsp;<\/p>\n<p>&nbsp;<\/p>\n<h4>MISSION<\/h4>\n<p>Our mission is to help our clients in a professional yet friendly manner, providing the most suitable logistics solutions that ensure accuracy, safety, and minimal costs, enabling them to achieve their goals in the most efficient way possible.<\/p>\n<p>&nbsp;<\/p>\n<h4>VISION<\/h4>\n<p>Our vision lies in continuously monitoring the market and our clients' needs to deliver even better services in the future, expand our offerings, and become a company that sets the standard for dedication to both employees and clients.<\/p>\n<p>[\/et_pb_text][\/et_pb_column][et_pb_column _builder_version=&#8220;4.0.9&#8243; type=&#8220;1_2&#8243;][et_pb_text _builder_version=&#8220;4.0.9&#8243; text_font=&#8220;||||||||&#8220; text_font_size=&#8220;18px&#8220; text_line_height=&#8220;2em&#8220; header_font=&#8220;||||||||&#8220; header_2_font=&#8220;Oswald|500|||||||&#8220; header_2_font_size=&#8220;46px&#8220; header_2_line_height=&#8220;1.4em&#8220; max_width=&#8220;700px&#8220; module_alignment=&#8220;center&#8220; text_font_size_tablet=&#8220;&#8220; text_font_size_phone=&#8220;15px&#8220; text_font_size_last_edited=&#8220;on|phone&#8220; header_2_font_size_tablet=&#8220;46px&#8220; header_2_font_size_phone=&#8220;36px&#8220; header_2_font_size_last_edited=&#8220;on|phone&#8220;]<\/p>\n<h2 style=\"text-align: center;\">10 Years of Successful Business!<\/h2>\n<p>&nbsp;<\/p>\n<p>CityCargo was founded in 2009 in Dobrinci as a small family business. Over the past decade, we have worked hard to grow and improve our services in line with the wishes and needs of our clients because their success is our success.<\/p>\n<p>Although we have grown and advanced year after year, we have strived to maintain the core values we started with. We are a family, and we treat every employee and client as such. We support each other, show mutual respect, and celebrate successes together!<\/p>\n<p>[\/et_pb_text][\/et_pb_column][\/et_pb_row][\/et_pb_section]<\/p>","protected":false},"excerpt":{"rendered":"<p>\u00a0Nekoliko re\u010di o nama i na\u0161oj firmi &nbsp;&nbsp; &nbsp; MISIJA Na\u0161a misija je da na stru\u010dan, ali sa druge strane prijateljski na\u010din, pomognemo na\u0161im klijentima i prona\u0111emo najadekvatnije logisti\u010dko re\u0161enje koje podrazumeva ta\u010dnost, sigurnost i minimalne tro\u0161kove, kako bi na najefikasniji na\u010din ostvarili svoje ciljeve. &nbsp; Vizija Na\u0161a vizija se ogleda u konstantnom pra\u0107enju tr\u017ei\u0161ta [&hellip;]<\/p>","protected":false},"author":1,"featured_media":0,"parent":0,"menu_order":0,"comment_status":"closed","ping_status":"closed","template":"","meta":{"_et_pb_use_builder":"on","_et_pb_old_content":"","_et_gb_content_width":"","_uag_custom_page_level_css":"","footnotes":""},"class_list":["post-1086","page","type-page","status-publish","hentry"],"yoast_head":"<!-- This site is optimized with the Yoast SEO plugin v24.0 - https:\/\/yoast.com\/wordpress\/plugins\/seo\/ -->\n<title>O nama - City Cargo<\/title>\n<meta name=\"robots\" content=\"index, follow, max-snippet:-1, max-image-preview:large, max-video-preview:-1\" \/>\n<link rel=\"canonical\" href=\"https:\/\/citycargo.rs\/en\/o-nama\/\" \/>\n<meta property=\"og:locale\" content=\"en_GB\" \/>\n<meta property=\"og:type\" content=\"article\" \/>\n<meta property=\"og:title\" content=\"O nama - City Cargo\" \/>\n<meta property=\"og:description\" content=\"\u00a0Nekoliko re\u010di o nama i na\u0161oj firmi &nbsp;&nbsp; &nbsp; MISIJA Na\u0161a misija je da na stru\u010dan, ali sa druge strane prijateljski na\u010din, pomognemo na\u0161im klijentima i prona\u0111emo najadekvatnije logisti\u010dko re\u0161enje koje podrazumeva ta\u010dnost, sigurnost i minimalne tro\u0161kove, kako bi na najefikasniji na\u010din ostvarili svoje ciljeve. &nbsp; Vizija Na\u0161a vizija se ogleda u konstantnom pra\u0107enju tr\u017ei\u0161ta [&hellip;]\" \/>\n<meta property=\"og:url\" content=\"https:\/\/citycargo.rs\/en\/o-nama\/\" \/>\n<meta property=\"og:site_name\" content=\"City Cargo\" \/>\n<meta property=\"article:modified_time\" content=\"2019-12-24T20:17:52+00:00\" \/>\n<meta name=\"twitter:card\" content=\"summary_large_image\" \/>\n<meta name=\"twitter:label1\" content=\"Estimated reading time\" \/>\n\t<meta name=\"twitter:data1\" content=\"4 minutes\" \/>\n<script type=\"application\/ld+json\" class=\"yoast-schema-graph\">{\"@context\":\"https:\/\/schema.org\",\"@graph\":[{\"@type\":\"WebPage\",\"@id\":\"https:\/\/citycargo.rs\/o-nama\/\",\"url\":\"https:\/\/citycargo.rs\/o-nama\/\",\"name\":\"O nama - City Cargo\",\"isPartOf\":{\"@id\":\"https:\/\/citycargo.rs\/#website\"},\"datePublished\":\"2019-12-11T21:09:43+00:00\",\"dateModified\":\"2019-12-24T20:17:52+00:00\",\"breadcrumb\":{\"@id\":\"https:\/\/citycargo.rs\/o-nama\/#breadcrumb\"},\"inLanguage\":\"en-GB\",\"potentialAction\":[{\"@type\":\"ReadAction\",\"target\":[\"https:\/\/citycargo.rs\/o-nama\/\"]}]},{\"@type\":\"BreadcrumbList\",\"@id\":\"https:\/\/citycargo.rs\/o-nama\/#breadcrumb\",\"itemListElement\":[{\"@type\":\"ListItem\",\"position\":1,\"name\":\"Home\",\"item\":\"https:\/\/citycargo.rs\/\"},{\"@type\":\"ListItem\",\"position\":2,\"name\":\"O nama\"}]},{\"@type\":\"WebSite\",\"@id\":\"https:\/\/citycargo.rs\/#website\",\"url\":\"https:\/\/citycargo.rs\/\",\"name\":\"City Cargo\",\"description\":\"\",\"publisher\":{\"@id\":\"https:\/\/citycargo.rs\/#organization\"},\"potentialAction\":[{\"@type\":\"SearchAction\",\"target\":{\"@type\":\"EntryPoint\",\"urlTemplate\":\"https:\/\/citycargo.rs\/?s={search_term_string}\"},\"query-input\":{\"@type\":\"PropertyValueSpecification\",\"valueRequired\":true,\"valueName\":\"search_term_string\"}}],\"inLanguage\":\"en-GB\"},{\"@type\":\"Organization\",\"@id\":\"https:\/\/citycargo.rs\/#organization\",\"name\":\"City Cargo D.O.O.\",\"url\":\"https:\/\/citycargo.rs\/\",\"logo\":{\"@type\":\"ImageObject\",\"inLanguage\":\"en-GB\",\"@id\":\"https:\/\/citycargo.rs\/#\/schema\/logo\/image\/\",\"url\":\"https:\/\/citycargo.rs\/wp-content\/uploads\/2019\/12\/city-cargo-logo.png\",\"contentUrl\":\"https:\/\/citycargo.rs\/wp-content\/uploads\/2019\/12\/city-cargo-logo.png\",\"width\":400,\"height\":183,\"caption\":\"City Cargo D.O.O.\"},\"image\":{\"@id\":\"https:\/\/citycargo.rs\/#\/schema\/logo\/image\/\"}}]}<\/script>\n<!-- \/ Yoast SEO plugin. -->","yoast_head_json":{"title":"O nama - City Cargo","robots":{"index":"index","follow":"follow","max-snippet":"max-snippet:-1","max-image-preview":"max-image-preview:large","max-video-preview":"max-video-preview:-1"},"canonical":"https:\/\/citycargo.rs\/en\/o-nama\/","og_locale":"en_GB","og_type":"article","og_title":"O nama - City Cargo","og_description":"\u00a0Nekoliko re\u010di o nama i na\u0161oj firmi &nbsp;&nbsp; &nbsp; MISIJA Na\u0161a misija je da na stru\u010dan, ali sa druge strane prijateljski na\u010din, pomognemo na\u0161im klijentima i prona\u0111emo najadekvatnije logisti\u010dko re\u0161enje koje podrazumeva ta\u010dnost, sigurnost i minimalne tro\u0161kove, kako bi na najefikasniji na\u010din ostvarili svoje ciljeve. &nbsp; Vizija Na\u0161a vizija se ogleda u konstantnom pra\u0107enju tr\u017ei\u0161ta [&hellip;]","og_url":"https:\/\/citycargo.rs\/en\/o-nama\/","og_site_name":"City Cargo","article_modified_time":"2019-12-24T20:17:52+00:00","twitter_card":"summary_large_image","twitter_misc":{"Estimated reading time":"4 minutes"},"schema":{"@context":"https:\/\/schema.org","@graph":[{"@type":"WebPage","@id":"https:\/\/citycargo.rs\/o-nama\/","url":"https:\/\/citycargo.rs\/o-nama\/","name":"O nama - City Cargo","isPartOf":{"@id":"https:\/\/citycargo.rs\/#website"},"datePublished":"2019-12-11T21:09:43+00:00","dateModified":"2019-12-24T20:17:52+00:00","breadcrumb":{"@id":"https:\/\/citycargo.rs\/o-nama\/#breadcrumb"},"inLanguage":"en-GB","potentialAction":[{"@type":"ReadAction","target":["https:\/\/citycargo.rs\/o-nama\/"]}]},{"@type":"BreadcrumbList","@id":"https:\/\/citycargo.rs\/o-nama\/#breadcrumb","itemListElement":[{"@type":"ListItem","position":1,"name":"Home","item":"https:\/\/citycargo.rs\/"},{"@type":"ListItem","position":2,"name":"O nama"}]},{"@type":"WebSite","@id":"https:\/\/citycargo.rs\/#website","url":"https:\/\/citycargo.rs\/","name":"City Cargo","description":"","publisher":{"@id":"https:\/\/citycargo.rs\/#organization"},"potentialAction":[{"@type":"SearchAction","target":{"@type":"EntryPoint","urlTemplate":"https:\/\/citycargo.rs\/?s={search_term_string}"},"query-input":{"@type":"PropertyValueSpecification","valueRequired":true,"valueName":"search_term_string"}}],"inLanguage":"en-GB"},{"@type":"Organization","@id":"https:\/\/citycargo.rs\/#organization","name":"City Cargo D.O.O.","url":"https:\/\/citycargo.rs\/","logo":{"@type":"ImageObject","inLanguage":"en-GB","@id":"https:\/\/citycargo.rs\/#\/schema\/logo\/image\/","url":"https:\/\/citycargo.rs\/wp-content\/uploads\/2019\/12\/city-cargo-logo.png","contentUrl":"https:\/\/citycargo.rs\/wp-content\/uploads\/2019\/12\/city-cargo-logo.png","width":400,"height":183,"caption":"City Cargo D.O.O."},"image":{"@id":"https:\/\/citycargo.rs\/#\/schema\/logo\/image\/"}}]}},"uagb_featured_image_src":{"full":false,"thumbnail":false,"medium":false,"medium_large":false,"large":false,"1536x1536":false,"2048x2048":false,"trp-custom-language-flag":false,"et-pb-post-main-image":false,"et-pb-post-main-image-fullwidth":false,"et-pb-portfolio-image":false,"et-pb-portfolio-module-image":false,"et-pb-portfolio-image-single":false,"et-pb-gallery-module-image-portrait":false,"et-pb-post-main-image-fullwidth-large":false,"et-pb-image--responsive--desktop":false,"et-pb-image--responsive--tablet":false,"et-pb-image--responsive--phone":false},"uagb_author_info":{"display_name":"MarkoD","author_link":"https:\/\/citycargo.rs\/en\/author\/MarkoD\/"},"uagb_comment_info":0,"uagb_excerpt":"\u00a0Nekoliko re\u010di o nama i na\u0161oj firmi &nbsp;&nbsp; &nbsp; MISIJA Na\u0161a misija je da na stru\u010dan, ali sa druge strane prijateljski na\u010din, pomognemo na\u0161im klijentima i prona\u0111emo najadekvatnije logisti\u010dko re\u0161enje koje podrazumeva ta\u010dnost, sigurnost i minimalne tro\u0161kove, kako bi na najefikasniji na\u010din ostvarili svoje ciljeve. &nbsp; Vizija Na\u0161a vizija se ogleda u konstantnom pra\u0107enju tr\u017ei\u0161ta&hellip;","_links":{"self":[{"href":"https:\/\/citycargo.rs\/en\/wp-json\/wp\/v2\/pages\/1086","targetHints":{"allow":["GET"]}}],"collection":[{"href":"https:\/\/citycargo.rs\/en\/wp-json\/wp\/v2\/pages"}],"about":[{"href":"https:\/\/citycargo.rs\/en\/wp-json\/wp\/v2\/types\/page"}],"author":[{"embeddable":true,"href":"https:\/\/citycargo.rs\/en\/wp-json\/wp\/v2\/users\/1"}],"replies":[{"embeddable":true,"href":"https:\/\/citycargo.rs\/en\/wp-json\/wp\/v2\/comments?post=1086"}],"version-history":[{"count":24,"href":"https:\/\/citycargo.rs\/en\/wp-json\/wp\/v2\/pages\/1086\/revisions"}],"predecessor-version":[{"id":1625,"href":"https:\/\/citycargo.rs\/en\/wp-json\/wp\/v2\/pages\/1086\/revisions\/1625"}],"wp:attachment":[{"href":"https:\/\/citycargo.rs\/en\/wp-json\/wp\/v2\/media?parent=1086"}],"curies":[{"name":"wp","href":"https:\/\/api.w.org\/{rel}","templated":true}]}}